{"id":14,"date":"2021-10-05T13:05:24","date_gmt":"2021-10-05T10:05:24","guid":{"rendered":"https:\/\/themepanthers.com\/wp\/creote\/v-new\/?page_id=14"},"modified":"2022-12-07T21:55:10","modified_gmt":"2022-12-07T18:55:10","slug":"referanslar","status":"publish","type":"page","link":"https:\/\/www.odindanismanlik.com\/tr\/referanslar\/","title":{"rendered":"Referanslar"},"content":{"rendered":"\t\t<div data-elementor-type=\"wp-page\" data-elementor-id=\"14\" class=\"elementor elementor-14\">\n\t\t\t\t\t\t\t\t\t<section class=\"elementor-section elementor-top-section elementor-element elementor-element-9358fde elementor-section-boxed elementor-section-height-default elementor-section-height-default\" data-id=\"9358fde\" data-element_type=\"section\">\n\t\t\t\t\t\t<div class=\"elementor-container elementor-column-gap-default\">\n\t\t\t\t\t<div class=\"elementor-column elementor-col-100 elementor-top-column elementor-element elementor-element-2d7d36b\" data-id=\"2d7d36b\" data-element_type=\"column\">\n\t\t\t<div class=\"elementor-widget-wrap elementor-element-populated\">\n\t\t\t\t\t\t\t\t<div class=\"elementor-element elementor-element-b2778c0 elementor-widget elementor-widget-creote-title-v1\" data-id=\"b2778c0\" data-element_type=\"widget\" data-widget_type=\"creote-title-v1.default\">\n\t\t\t\t<div class=\"elementor-widget-container\">\n\t\t\t<div class=\"title_all_box style_three  dark_color\">\r\n         <div class=\"title_sections three center\">\r\n            <div class=\"before_title\">\r\n         OD\u0130N DANI\u015eMANLIK &amp; E\u011e\u0130T\u0130M      <\/div>\r\n                    <div class=\"title\">   Referanslar\u0131m\u0131z<\/div>\r\n                  <p>  OD\u0130N kalitesi ve ayr\u0131cal\u0131\u011f\u0131n\u0131 tercih eden kurum ve kurulu\u015flardan baz\u0131lar\u0131<\/p>\r\n         <\/div>\r\n               \r\n<\/div>\r\n\t\t<\/div>\n\t\t\t\t<\/div>\n\t\t\t\t<div class=\"elementor-element elementor-element-d45c191 elementor-widget elementor-widget-text-editor\" data-id=\"d45c191\" data-element_type=\"widget\" data-widget_type=\"text-editor.default\">\n\t\t\t\t<div class=\"elementor-widget-container\">\n\t\t\t<style>\/*! elementor - v3.8.1 - 13-11-2022 *\/\n.elementor-widget-text-editor.elementor-drop-cap-view-stacked .elementor-drop-cap{background-color:#818a91;color:#fff}.elementor-widget-text-editor.elementor-drop-cap-view-framed .elementor-drop-cap{color:#818a91;border:3px solid;background-color:transparent}.elementor-widget-text-editor:not(.elementor-drop-cap-view-default) .elementor-drop-cap{margin-top:8px}.elementor-widget-text-editor:not(.elementor-drop-cap-view-default) .elementor-drop-cap-letter{width:1em;height:1em}.elementor-widget-text-editor .elementor-drop-cap{float:left;text-align:center;line-height:1;font-size:50px}.elementor-widget-text-editor .elementor-drop-cap-letter{display:inline-block}<\/style>\t\t\t\t<ol><li style=\"list-style-type: none;\"><ol><li><span style=\"color: #000080;\">Avichem Veteriner Ecza Deposu \u0130la\u00e7 ve Hayvanc\u0131l\u0131k San. ve Tic. Ltd. \u015eti. &#8211; \u00d6ZM Veteriner Te\u015fhis ve Analiz Laboratuvar\u0131<\/span><\/li><li><span style=\"color: #000080;\">SAR-PET Petrol Pazarlama ve Nakliyat Ltd. \u015eti At\u0131k Ya\u011f Analiz Laboratuvar\u0131<\/span><\/li><li><span style=\"color: #000080;\">Akdeniz \u00dcniversitesi Fen Fak\u00fcltesi Ar-Ge ve Biyosidal \u00dcr\u00fcn Analiz Laboratuvar\u0131<\/span><\/li><li><span style=\"color: #000080;\">Antalya \u00d6zel Kontrol Laboratuvar\u0131-Antlab<\/span><\/li><li><span style=\"color: #000080;\">Gaziantep Halk Sa\u011fl\u0131\u011f\u0131 Laboratuvar\u0131<\/span><\/li><li><span style=\"color: #000080;\">Southern Waters Toprak ve \u00c7evre Analiz Laboratuvar\u0131<\/span><\/li><li><span style=\"color: #000080;\">Garmentic Tekstil<\/span><\/li><li><span style=\"color: #000080;\">ASK\u0130- Ankara Su ve Kanalizasyon \u0130daresi<\/span><\/li><li><span style=\"color: #000080;\">Afyonkarahisar Halk Sa\u011fl\u0131\u011f\u0131 Laboratuvar\u0131<\/span><\/li><\/ol><\/li><\/ol>\t\t\t\t\t\t<\/div>\n\t\t\t\t<\/div>\n\t\t\t\t\t<\/div>\n\t\t<\/div>\n\t\t\t\t\t\t\t<\/div>\n\t\t<\/section>\n\t\t\t\t<section class=\"elementor-section elementor-top-section elementor-element elementor-element-a4c878d elementor-section-boxed elementor-section-height-default elementor-section-height-default\" data-id=\"a4c878d\" data-element_type=\"section\">\n\t\t\t\t\t\t<div class=\"elementor-container elementor-column-gap-default\">\n\t\t\t\t\t<div class=\"elementor-column elementor-col-25 elementor-top-column elementor-element elementor-element-d01cc70\" data-id=\"d01cc70\" data-element_type=\"column\">\n\t\t\t<div class=\"elementor-widget-wrap elementor-element-populated\">\n\t\t\t\t\t\t\t\t<div class=\"elementor-element elementor-element-522af14 elementor-widget elementor-widget-creote-iconbox-v1\" data-id=\"522af14\" data-element_type=\"widget\" data-widget_type=\"creote-iconbox-v1.default\">\n\t\t\t\t<div class=\"elementor-widget-container\">\n\t\t\t<div class=\"icon_box_all  style_four\"   data-aos=\"fade-up\" data-aos-delay=\"0\"  data-aos-offset=\"0\" >\r\n      <div class=\"icon_content  icon_imgs \">\r\n            <div class=\"icon\">\r\n         <img decoding=\"async\" src=\"https:\/\/themepanthers.com\/wp\/creote\/v-new\/wp-content\/uploads\/2021\/10\/icon-img-n-3.png\" class=\"img-fluid svg_image\" alt=\"icon png\" \/>\r\n         <img decoding=\"async\" src=\"https:\/\/www.odindanismanlik.com\/tr\/wp-content\/plugins\/creote-addons\/assets\/images\/shape-1-small.png\" class=\"shape\" alt=\"img\" \/>\r\n      <\/div>\r\n            <div class=\"txt_content\">\r\n                  <h3>\r\n            <a href=\"#\"  target=&quot;_blank&quot;  rel=&quot;nofollow&quot;>\r\n            OD\u0130N Profesyonel Ekip \u00fcyeleri ile            <\/a>\r\n         <\/h3>\r\n                        <\/div>\r\n   <\/div>\r\n   \r\n<\/div>\r\n\t\t<\/div>\n\t\t\t\t<\/div>\n\t\t\t\t\t<\/div>\n\t\t<\/div>\n\t\t\t\t<div class=\"elementor-column elementor-col-25 elementor-top-column elementor-element elementor-element-68513d5\" data-id=\"68513d5\" data-element_type=\"column\">\n\t\t\t<div class=\"elementor-widget-wrap elementor-element-populated\">\n\t\t\t\t\t\t\t\t<div class=\"elementor-element elementor-element-5c238c6 elementor-widget elementor-widget-creote-iconbox-v1\" data-id=\"5c238c6\" data-element_type=\"widget\" data-widget_type=\"creote-iconbox-v1.default\">\n\t\t\t\t<div class=\"elementor-widget-container\">\n\t\t\t<div class=\"icon_box_all  style_four\"   data-aos=\"fade-up\" data-aos-delay=\"0\"  data-aos-offset=\"0\" >\r\n      <div class=\"icon_content  icon_imgs \">\r\n            <div class=\"icon\">\r\n         <img decoding=\"async\" src=\"https:\/\/themepanthers.com\/wp\/creote\/v-new\/wp-content\/uploads\/2021\/10\/icon-img-n-4.png\" class=\"img-fluid svg_image\" alt=\"icon png\" \/>\r\n         <img decoding=\"async\" src=\"https:\/\/www.odindanismanlik.com\/tr\/wp-content\/plugins\/creote-addons\/assets\/images\/shape-1-small.png\" class=\"shape\" alt=\"img\" \/>\r\n      <\/div>\r\n            <div class=\"txt_content\">\r\n                  <h3>\r\n            <a href=\"#\"  target=&quot;_blank&quot;  rel=&quot;nofollow&quot;>\r\n            7\/24 Devam eden i\u015f ak\u0131\u015f\u0131 \/ s\u00fcre\u00e7 y\u00f6netimi            <\/a>\r\n         <\/h3>\r\n                        <\/div>\r\n   <\/div>\r\n   \r\n<\/div>\r\n\t\t<\/div>\n\t\t\t\t<\/div>\n\t\t\t\t\t<\/div>\n\t\t<\/div>\n\t\t\t\t<div class=\"elementor-column elementor-col-25 elementor-top-column elementor-element elementor-element-9dfa222\" data-id=\"9dfa222\" data-element_type=\"column\">\n\t\t\t<div class=\"elementor-widget-wrap elementor-element-populated\">\n\t\t\t\t\t\t\t\t<div class=\"elementor-element elementor-element-3acc88f elementor-widget elementor-widget-creote-iconbox-v1\" data-id=\"3acc88f\" data-element_type=\"widget\" data-widget_type=\"creote-iconbox-v1.default\">\n\t\t\t\t<div class=\"elementor-widget-container\">\n\t\t\t<div class=\"icon_box_all  style_four\"   data-aos=\"fade-up\" data-aos-delay=\"0\"  data-aos-offset=\"0\" >\r\n      <div class=\"icon_content  icon_imgs \">\r\n            <div class=\"icon\">\r\n         <img decoding=\"async\" src=\"https:\/\/themepanthers.com\/wp\/creote\/v-new\/wp-content\/uploads\/2021\/10\/icon-img-n-5.png\" class=\"img-fluid svg_image\" alt=\"icon png\" \/>\r\n         <img decoding=\"async\" src=\"https:\/\/www.odindanismanlik.com\/tr\/wp-content\/plugins\/creote-addons\/assets\/images\/shape-1-small.png\" class=\"shape\" alt=\"img\" \/>\r\n      <\/div>\r\n            <div class=\"txt_content\">\r\n                  <h3>\r\n            <a href=\"#\"  target=&quot;_blank&quot;  rel=&quot;nofollow&quot;>\r\n            Sonu\u00e7lara odakl\u0131 ilerleyi\u015f takibi            <\/a>\r\n         <\/h3>\r\n                        <\/div>\r\n   <\/div>\r\n   \r\n<\/div>\r\n\t\t<\/div>\n\t\t\t\t<\/div>\n\t\t\t\t\t<\/div>\n\t\t<\/div>\n\t\t\t\t<div class=\"elementor-column elementor-col-25 elementor-top-column elementor-element elementor-element-5ed86c5\" data-id=\"5ed86c5\" data-element_type=\"column\">\n\t\t\t<div class=\"elementor-widget-wrap elementor-element-populated\">\n\t\t\t\t\t\t\t\t<div class=\"elementor-element elementor-element-037928a elementor-widget elementor-widget-creote-iconbox-v1\" data-id=\"037928a\" data-element_type=\"widget\" data-widget_type=\"creote-iconbox-v1.default\">\n\t\t\t\t<div class=\"elementor-widget-container\">\n\t\t\t<div class=\"icon_box_all  style_four\"   data-aos=\"fade-up\" data-aos-delay=\"0\"  data-aos-offset=\"0\" >\r\n      <div class=\"icon_content  icon_imgs \">\r\n            <div class=\"icon\">\r\n         <img decoding=\"async\" src=\"https:\/\/themepanthers.com\/wp\/creote\/v-new\/wp-content\/uploads\/2021\/10\/fun-2.png\" class=\"img-fluid svg_image\" alt=\"icon png\" \/>\r\n         <img decoding=\"async\" src=\"https:\/\/www.odindanismanlik.com\/tr\/wp-content\/plugins\/creote-addons\/assets\/images\/shape-1-small.png\" class=\"shape\" alt=\"img\" \/>\r\n      <\/div>\r\n            <div class=\"txt_content\">\r\n                  <h3>\r\n            <a href=\"#\"  target=&quot;_blank&quot;  rel=&quot;nofollow&quot;>\r\n            M\u00fc\u015fteri beklentilerinin fazlas\u0131n\u0131 planlama            <\/a>\r\n         <\/h3>\r\n                        <\/div>\r\n   <\/div>\r\n   \r\n<\/div>\r\n\t\t<\/div>\n\t\t\t\t<\/div>\n\t\t\t\t\t<\/div>\n\t\t<\/div>\n\t\t\t\t\t\t\t<\/div>\n\t\t<\/section>\n\t\t\t\t<section class=\"elementor-section elementor-top-section elementor-element elementor-element-d920c03 elementor-section-boxed elementor-section-height-default elementor-section-height-default\" data-id=\"d920c03\" data-element_type=\"section\">\n\t\t\t\t\t\t<div class=\"elementor-container elementor-column-gap-default\">\n\t\t\t\t\t<div class=\"elementor-column elementor-col-100 elementor-top-column elementor-element elementor-element-0c839fe\" data-id=\"0c839fe\" data-element_type=\"column\">\n\t\t\t<div class=\"elementor-widget-wrap elementor-element-populated\">\n\t\t\t\t\t\t\t\t<div class=\"elementor-element elementor-element-03c2c8c elementor-widget elementor-widget-creote-mega-menu-image-carouse-v1\" data-id=\"03c2c8c\" data-element_type=\"widget\" data-widget_type=\"creote-mega-menu-image-carouse-v1.default\">\n\t\t\t\t<div class=\"elementor-widget-container\">\n\t\t\t<section class=\"image_box_carousel_content arrow_disable  image_covered \">\r\n   <div class=\"theme_carousel owl-theme owl-carousel\" data-options='{\"loop\": false, \"margin\": 20, \"autoheight\":true, \"lazyload\":true, \"nav\": true, \"dots\": false, \"autoplay\": false, \"autoplayTimeout\": 6000, \"smartSpeed\": 300, \"responsive\":{ \"0\" :{ \"items\": \"1\" }, \"600\" :{ \"items\" : \"2\" }, \"768\" :{ \"items\" : \"2\" } , \"992\":{ \"items\" : \"3\" }, \"1200\":{ \"items\" : \"5\" }}}'>\r\n                        <div class=\"mg_image_box\">\r\n                  <div class=\"image_box\">\r\n            <img decoding=\"async\" src=\"http:\/\/www.odindanismanlik.com\/tr\/wp-content\/uploads\/2022\/12\/1.jpg\" class=\"img\" alt=\"image\" \/>\r\n            <a href=\"#\" class=\"ab_link\"  >\r\n            <span class=\"icon-right-arrow-long\"><\/span>\r\n            <\/a> \r\n         <\/div>\r\n                                 <\/div>\r\n       \r\n                              <div class=\"mg_image_box\">\r\n                  <div class=\"image_box\">\r\n            <img decoding=\"async\" src=\"http:\/\/www.odindanismanlik.com\/tr\/wp-content\/uploads\/2022\/12\/1-1.jpg\" class=\"img\" alt=\"image\" \/>\r\n            <a href=\"#\" class=\"ab_link\"  >\r\n            <span class=\"icon-right-arrow-long\"><\/span>\r\n            <\/a> \r\n         <\/div>\r\n                                 <\/div>\r\n       \r\n                              <div class=\"mg_image_box\">\r\n                  <div class=\"image_box\">\r\n            <img decoding=\"async\" src=\"http:\/\/www.odindanismanlik.com\/tr\/wp-content\/uploads\/2022\/12\/1-2.jpg\" class=\"img\" alt=\"image\" \/>\r\n            <a href=\"#\" class=\"ab_link\"  >\r\n            <span class=\"icon-right-arrow-long\"><\/span>\r\n            <\/a> \r\n         <\/div>\r\n                                 <\/div>\r\n       \r\n                              <div class=\"mg_image_box\">\r\n                  <div class=\"image_box\">\r\n            <img decoding=\"async\" src=\"http:\/\/www.odindanismanlik.com\/tr\/wp-content\/uploads\/2022\/12\/2.jpg\" class=\"img\" alt=\"image\" \/>\r\n            <a href=\"#\" class=\"ab_link\"  >\r\n            <span class=\"icon-right-arrow-long\"><\/span>\r\n            <\/a> \r\n         <\/div>\r\n                                 <\/div>\r\n       \r\n                              <div class=\"mg_image_box\">\r\n                  <div class=\"image_box\">\r\n            <img decoding=\"async\" src=\"http:\/\/www.odindanismanlik.com\/tr\/wp-content\/uploads\/2022\/12\/PHOTO-2022-08-18-10-02-17.jpg\" class=\"img\" alt=\"image\" \/>\r\n            <a href=\"#\" class=\"ab_link\"  >\r\n            <span class=\"icon-right-arrow-long\"><\/span>\r\n            <\/a> \r\n         <\/div>\r\n                                 <\/div>\r\n       \r\n               <\/div>\r\n<\/section>\r\n\t\t<\/div>\n\t\t\t\t<\/div>\n\t\t\t\t\t<\/div>\n\t\t<\/div>\n\t\t\t\t\t\t\t<\/div>\n\t\t<\/section>\n\t\t\t\t<section class=\"elementor-section elementor-top-section elementor-element elementor-element-497527f elementor-section-boxed elementor-section-height-default elementor-section-height-default\" data-id=\"497527f\" data-element_type=\"section\">\n\t\t\t\t\t\t<div class=\"elementor-container elementor-column-gap-default\">\n\t\t\t\t\t<div class=\"elementor-column elementor-col-66 elementor-top-column elementor-element elementor-element-208ef05\" data-id=\"208ef05\" data-element_type=\"column\">\n\t\t\t<div class=\"elementor-widget-wrap elementor-element-populated\">\n\t\t\t\t\t\t\t\t<div class=\"elementor-element elementor-element-466261f elementor-widget elementor-widget-text-editor\" data-id=\"466261f\" data-element_type=\"widget\" data-widget_type=\"text-editor.default\">\n\t\t\t\t<div class=\"elementor-widget-container\">\n\t\t\t\t\t\t\t<p>\u015eirketimizden alm\u0131\u015f oldu\u011funuz Dan\u0131\u015fmanl\u0131k, E\u011fitim veya Denetim Hizmetini de\u011ferlendirmek ve kendimizi geli\u015ftirmemize yard\u0131mc\u0131 olmak i\u00e7in l\u00fctfen Form arac\u0131l\u0131\u011f\u0131 ile geri beslemede bulununuz.<\/p>\t\t\t\t\t\t<\/div>\n\t\t\t\t<\/div>\n\t\t\t\t\t<\/div>\n\t\t<\/div>\n\t\t\t\t<div class=\"elementor-column elementor-col-33 elementor-top-column elementor-element elementor-element-0a2ecce\" data-id=\"0a2ecce\" data-element_type=\"column\">\n\t\t\t<div class=\"elementor-widget-wrap elementor-element-populated\">\n\t\t\t\t\t\t\t\t<div class=\"elementor-element elementor-element-e3c6286 elementor-widget elementor-widget-button\" data-id=\"e3c6286\" data-element_type=\"widget\" data-widget_type=\"button.default\">\n\t\t\t\t<div class=\"elementor-widget-container\">\n\t\t\t\t\t<div class=\"elementor-button-wrapper\">\n\t\t\t<a href=\"https:\/\/forms.gle\/9LbSnPPX77Hd21Nw7\" target=\"_blank\" class=\"elementor-button-link elementor-button elementor-size-md\" role=\"button\">\n\t\t\t\t\t\t<span class=\"elementor-button-content-wrapper\">\n\t\t\t\t\t\t\t<span class=\"elementor-button-icon elementor-align-icon-left\">\n\t\t\t\t<i aria-hidden=\"true\" class=\"far fa-chart-bar\"><\/i>\t\t\t<\/span>\n\t\t\t\t\t\t<span class=\"elementor-button-text\">Geri Besleme Formu<\/span>\n\t\t<\/span>\n\t\t\t\t\t<\/a>\n\t\t<\/div>\n\t\t\t\t<\/div>\n\t\t\t\t<\/div>\n\t\t\t\t\t<\/div>\n\t\t<\/div>\n\t\t\t\t\t\t\t<\/div>\n\t\t<\/section>\n\t\t\t\t\t\t\t<\/div>\n\t\t","protected":false},"excerpt":{"rendered":"<p>OD\u0130N DANI\u015eMANLIK &amp; E\u011e\u0130T\u0130M Referanslar\u0131m\u0131z OD\u0130N kalitesi ve ayr\u0131cal\u0131\u011f\u0131n\u0131 tercih eden kurum ve kurulu\u015flardan baz\u0131lar\u0131 Avichem Veteriner Ecza Deposu \u0130la\u00e7 ve Hayvanc\u0131l\u0131k San. ve Tic. Ltd. \u015eti. &#8211; \u00d6ZM Veteriner Te\u015fhis ve Analiz Laboratuvar\u0131 SAR-PET Petrol Pazarlama ve Nakliyat Ltd. \u015eti At\u0131k Ya\u011f Analiz Laboratuvar\u0131 Akdeniz \u00dcniversitesi Fen Fak\u00fcltesi Ar-Ge ve Biyosidal \u00dcr\u00fcn Analiz Laboratuvar\u0131 [&hellip;]<\/p>\n","protected":false},"author":1,"featured_media":0,"parent":0,"menu_order":0,"comment_status":"closed","ping_status":"closed","template":"template-fullwidth.php","meta":{"footnotes":""},"class_list":["post-14","page","type-page","status-publish","hentry"],"_links":{"self":[{"href":"https:\/\/www.odindanismanlik.com\/tr\/wp-json\/wp\/v2\/pages\/14","targetHints":{"allow":["GET"]}}],"collection":[{"href":"https:\/\/www.odindanismanlik.com\/tr\/wp-json\/wp\/v2\/pages"}],"about":[{"href":"https:\/\/www.odindanismanlik.com\/tr\/wp-json\/wp\/v2\/types\/page"}],"author":[{"embeddable":true,"href":"https:\/\/www.odindanismanlik.com\/tr\/wp-json\/wp\/v2\/users\/1"}],"replies":[{"embeddable":true,"href":"https:\/\/www.odindanismanlik.com\/tr\/wp-json\/wp\/v2\/comments?post=14"}],"version-history":[{"count":14,"href":"https:\/\/www.odindanismanlik.com\/tr\/wp-json\/wp\/v2\/pages\/14\/revisions"}],"predecessor-version":[{"id":6851,"href":"https:\/\/www.odindanismanlik.com\/tr\/wp-json\/wp\/v2\/pages\/14\/revisions\/6851"}],"wp:attachment":[{"href":"https:\/\/www.odindanismanlik.com\/tr\/wp-json\/wp\/v2\/media?parent=14"}],"curies":[{"name":"wp","href":"https:\/\/api.w.org\/{rel}","templated":true}]}}