{"id":6614,"date":"2022-11-30T01:28:18","date_gmt":"2022-11-29T22:28:18","guid":{"rendered":"https:\/\/www.odindanismanlik.com\/tr\/?page_id=6614"},"modified":"2022-11-30T01:29:46","modified_gmt":"2022-11-29T22:29:46","slug":"tedarikci-denetim-hizmetleri","status":"publish","type":"page","link":"https:\/\/www.odindanismanlik.com\/tr\/tedarikci-denetim-hizmetleri\/","title":{"rendered":"Tedarik\u00e7i Denetim Hizmetleri"},"content":{"rendered":"\t\t<div data-elementor-type=\"wp-page\" data-elementor-id=\"6614\" class=\"elementor elementor-6614\">\n\t\t\t\t\t\t\t\t\t<section class=\"elementor-section elementor-top-section elementor-element elementor-element-7bb9f3b4 elementor-section-boxed elementor-section-height-default elementor-section-height-default\" data-id=\"7bb9f3b4\" data-element_type=\"section\">\n\t\t\t\t\t\t<div class=\"elementor-container elementor-column-gap-no\">\n\t\t\t\t\t<div class=\"elementor-column elementor-col-100 elementor-top-column elementor-element elementor-element-3dfac929\" data-id=\"3dfac929\" data-element_type=\"column\">\n\t\t\t<div class=\"elementor-widget-wrap elementor-element-populated\">\n\t\t\t\t\t\t\t\t<div class=\"elementor-element elementor-element-19039f37 elementor-widget elementor-widget-creote-title-v1\" data-id=\"19039f37\" data-element_type=\"widget\" data-widget_type=\"creote-title-v1.default\">\n\t\t\t\t<div class=\"elementor-widget-container\">\n\t\t\t<div class=\"title_all_box style_one  dark_color\">\r\n         <div class=\"title_sections left\">\r\n            <div class=\"before_title\">\r\n         Denetim      <\/div>\r\n                    <div class=\"title\">  Tedarik\u00e7i Denetim Hizmetleri<\/div>\r\n                  <p>  Bir\u00e7ok kurulu\u015f tedarik\u00e7ilerinden belli \u015fartlara uyum sa\u011flanmas\u0131n\u0131 istemektedir. Bu \u015fartlar, y\u00f6netim sistem standartlar\u0131 olabilece\u011fi gibi kurulu\u015f taraf\u0131ndan geli\u015ftirilen \u015fartlar da olabilmektedir.\nTedarik\u00e7i Hizmetlerini \u0130zleme ve G\u00f6zden Ge\u00e7irmenin Amac\u0131;  Kurulu\u015fun tedarik\u00e7ileri ile yapm\u0131\u015f oldu\u011fu anla\u015fmalarda belirledi\u011fi \u015fartlara ve ko\u015fullara riayet edilip edilmedi\u011finin, hizmet performans\u0131n\u0131n, sunumunun ve tedarik\u00e7inin yeterli hizmet yetene\u011finin devaml\u0131l\u0131\u011f\u0131n\u0131n sa\u011fland\u0131\u011f\u0131n\u0131n tespiti ve tetkikini yapmakt\u0131r. \nOdin dan\u0131\u015fmanl\u0131k olarak, Tedarik\u00e7i denetim hizmetlerimizde, tedarik\u00e7i denetim sistemleri s\u00fcre\u00e7 ve dok\u00fcmanlar\u0131n\u0131n olu\u015fturulmas\u0131, se\u00e7im ve de\u011ferlendirme kriterlerinin belirlenmesi, soru listelerinin haz\u0131rlanmas\u0131 konular\u0131nda katk\u0131da bulunmakta, Talep etmeniz durumunda, Tedarik\u00e7ilerinizin denetimleri profesyonel denet\u00e7ilerimiz taraf\u0131ndan ger\u00e7ekle\u015ftirilmekte ve denetim sonras\u0131 bulgular taraf\u0131n\u0131za raporlanmaktad\u0131r. <\/p>\r\n         <\/div>\r\n               \r\n<\/div>\r\n\t\t<\/div>\n\t\t\t\t<\/div>\n\t\t\t\t<section class=\"elementor-section elementor-inner-section elementor-element elementor-element-36ccd9e8 elementor-section-boxed elementor-section-height-default elementor-section-height-default\" data-id=\"36ccd9e8\" data-element_type=\"section\">\n\t\t\t\t\t\t<div class=\"elementor-container elementor-column-gap-no\">\n\t\t\t\t\t<div class=\"elementor-column elementor-col-50 elementor-inner-column elementor-element elementor-element-2695fd5d\" data-id=\"2695fd5d\" data-element_type=\"column\">\n\t\t\t<div class=\"elementor-widget-wrap\">\n\t\t\t\t\t\t\t\t\t<\/div>\n\t\t<\/div>\n\t\t\t\t<div class=\"elementor-column elementor-col-50 elementor-inner-column elementor-element elementor-element-5831d49d\" data-id=\"5831d49d\" data-element_type=\"column\">\n\t\t\t<div class=\"elementor-widget-wrap\">\n\t\t\t\t\t\t\t\t\t<\/div>\n\t\t<\/div>\n\t\t\t\t\t\t\t<\/div>\n\t\t<\/section>\n\t\t\t\t<div class=\"elementor-element elementor-element-2e722810 elementor-widget elementor-widget-text-editor\" data-id=\"2e722810\" data-element_type=\"widget\" data-widget_type=\"text-editor.default\">\n\t\t\t\t<div class=\"elementor-widget-container\">\n\t\t\t<style>\/*! elementor - v3.8.1 - 13-11-2022 *\/\n.elementor-widget-text-editor.elementor-drop-cap-view-stacked .elementor-drop-cap{background-color:#818a91;color:#fff}.elementor-widget-text-editor.elementor-drop-cap-view-framed .elementor-drop-cap{color:#818a91;border:3px solid;background-color:transparent}.elementor-widget-text-editor:not(.elementor-drop-cap-view-default) .elementor-drop-cap{margin-top:8px}.elementor-widget-text-editor:not(.elementor-drop-cap-view-default) .elementor-drop-cap-letter{width:1em;height:1em}.elementor-widget-text-editor .elementor-drop-cap{float:left;text-align:center;line-height:1;font-size:50px}.elementor-widget-text-editor .elementor-drop-cap-letter{display:inline-block}<\/style>\t\t\t\t<h3>Denetim sonras\u0131ndaki faaliyetler nelerdir ?<\/h3>\t\t\t\t\t\t<\/div>\n\t\t\t\t<\/div>\n\t\t\t\t<div class=\"elementor-element elementor-element-415ebd7b elementor-widget elementor-widget-creote-faqs-v1\" data-id=\"415ebd7b\" data-element_type=\"widget\" data-widget_type=\"creote-faqs-v1.default\">\n\t\t\t\t<div class=\"elementor-widget-container\">\n\t\t\t \r\n<section class=\"faq_section type_two\">\r\n   <div class=\"block_faq\">\r\n      <div class=\"accordion\">\r\n         <dl>\r\n                                    <dt class=\"faq_header \"    data-aos=\"fade-up\" data-aos-delay=\"100\"  data-aos-offset=\"0\" >\r\n               Denetim tamamland\u0131\u011f\u0131nda...<span class=\"icon-play\"><\/span>\r\n            <\/dt>\r\n            <dd class=\"accordion-content\"     data-aos=\"fade-up\" data-aos-delay=\"100\"  data-aos-offset=\"0\" >\r\n               <p>\r\n                  \u0130lgili Bakanl\u0131k denetimi sonras\u0131 olas\u0131 uygunsuzluklar\u0131n (varsa) kapat\u0131lmas\u0131 i\u00e7in laboratuvar personeline destek olunmas\u0131\/d\u00fczeltici faaliyet s\u00fcrecinin takibi. (Var ise)                <\/p>\r\n            <\/dd>\r\n                        <dt class=\"faq_header \"    data-aos=\"fade-up\" data-aos-delay=\"200\"  data-aos-offset=\"0\" >\r\n               Validasyon tarihi yakla\u015f\u0131nca...<span class=\"icon-play\"><\/span>\r\n            <\/dt>\r\n            <dd class=\"accordion-content\"     data-aos=\"fade-up\" data-aos-delay=\"200\"  data-aos-offset=\"0\" >\r\n               <p>\r\n                  Validasyon tarihlerlerinize ve i\u015f y\u00fck\u00fcn\u00fcze g\u00f6re e\u011fitimin gerekli ad\u0131mlar\u0131n\u0131n tekrarlanmas\u0131, hat\u0131rlatma e\u011fitimleri, faaliyetlerin kapsam geni\u015fletme s\u00fcre\u00e7leri yine taraf\u0131m\u0131zdan planlanmaktad\u0131r.               <\/p>\r\n            <\/dd>\r\n                                 <\/dl>\r\n      <\/div>\r\n   <\/div>\r\n<\/section>\r\n\t\t<\/div>\n\t\t\t\t<\/div>\n\t\t\t\t\t<\/div>\n\t\t<\/div>\n\t\t\t\t\t\t\t<\/div>\n\t\t<\/section>\n\t\t\t\t\t\t\t<\/div>\n\t\t","protected":false},"excerpt":{"rendered":"<p>Denetim Tedarik\u00e7i Denetim Hizmetleri Bir\u00e7ok kurulu\u015f tedarik\u00e7ilerinden belli \u015fartlara uyum sa\u011flanmas\u0131n\u0131 istemektedir. Bu \u015fartlar, y\u00f6netim sistem standartlar\u0131 olabilece\u011fi gibi kurulu\u015f taraf\u0131ndan geli\u015ftirilen \u015fartlar da olabilmektedir. Tedarik\u00e7i Hizmetlerini \u0130zleme ve G\u00f6zden Ge\u00e7irmenin Amac\u0131; Kurulu\u015fun tedarik\u00e7ileri ile yapm\u0131\u015f oldu\u011fu anla\u015fmalarda belirledi\u011fi \u015fartlara ve ko\u015fullara riayet edilip edilmedi\u011finin, hizmet performans\u0131n\u0131n, sunumunun ve tedarik\u00e7inin yeterli hizmet yetene\u011finin devaml\u0131l\u0131\u011f\u0131n\u0131n sa\u011fland\u0131\u011f\u0131n\u0131n [&hellip;]<\/p>\n","protected":false},"author":1,"featured_media":0,"parent":0,"menu_order":0,"comment_status":"closed","ping_status":"closed","template":"","meta":{"footnotes":""},"class_list":["post-6614","page","type-page","status-publish","hentry"],"_links":{"self":[{"href":"https:\/\/www.odindanismanlik.com\/tr\/wp-json\/wp\/v2\/pages\/6614","targetHints":{"allow":["GET"]}}],"collection":[{"href":"https:\/\/www.odindanismanlik.com\/tr\/wp-json\/wp\/v2\/pages"}],"about":[{"href":"https:\/\/www.odindanismanlik.com\/tr\/wp-json\/wp\/v2\/types\/page"}],"author":[{"embeddable":true,"href":"https:\/\/www.odindanismanlik.com\/tr\/wp-json\/wp\/v2\/users\/1"}],"replies":[{"embeddable":true,"href":"https:\/\/www.odindanismanlik.com\/tr\/wp-json\/wp\/v2\/comments?post=6614"}],"version-history":[{"count":4,"href":"https:\/\/www.odindanismanlik.com\/tr\/wp-json\/wp\/v2\/pages\/6614\/revisions"}],"predecessor-version":[{"id":6618,"href":"https:\/\/www.odindanismanlik.com\/tr\/wp-json\/wp\/v2\/pages\/6614\/revisions\/6618"}],"wp:attachment":[{"href":"https:\/\/www.odindanismanlik.com\/tr\/wp-json\/wp\/v2\/media?parent=6614"}],"curies":[{"name":"wp","href":"https:\/\/api.w.org\/{rel}","templated":true}]}}