{"id":6619,"date":"2022-11-30T01:32:47","date_gmt":"2022-11-29T22:32:47","guid":{"rendered":"https:\/\/www.odindanismanlik.com\/tr\/?page_id=6619"},"modified":"2022-11-30T01:34:48","modified_gmt":"2022-11-29T22:34:48","slug":"yasal-mevzuat-ulusal-uluslararasi-standart-kapsami-denetim-hizmeti","status":"publish","type":"page","link":"https:\/\/www.odindanismanlik.com\/tr\/yasal-mevzuat-ulusal-uluslararasi-standart-kapsami-denetim-hizmeti\/","title":{"rendered":"Yasal Mevzuat\/Ulusal\/Uluslararas\u0131 Standart Kapsam\u0131 Denetim Hizmeti"},"content":{"rendered":"\t\t<div data-elementor-type=\"wp-page\" data-elementor-id=\"6619\" class=\"elementor elementor-6619\">\n\t\t\t\t\t\t\t\t\t<section class=\"elementor-section elementor-top-section elementor-element elementor-element-5610d00b elementor-section-boxed elementor-section-height-default elementor-section-height-default\" data-id=\"5610d00b\" data-element_type=\"section\">\n\t\t\t\t\t\t<div class=\"elementor-container elementor-column-gap-no\">\n\t\t\t\t\t<div class=\"elementor-column elementor-col-100 elementor-top-column elementor-element elementor-element-4fcba458\" data-id=\"4fcba458\" data-element_type=\"column\">\n\t\t\t<div class=\"elementor-widget-wrap elementor-element-populated\">\n\t\t\t\t\t\t\t\t<div class=\"elementor-element elementor-element-486bfb8b elementor-widget elementor-widget-creote-title-v1\" data-id=\"486bfb8b\" data-element_type=\"widget\" data-widget_type=\"creote-title-v1.default\">\n\t\t\t\t<div class=\"elementor-widget-container\">\n\t\t\t<div class=\"title_all_box style_one  dark_color\">\r\n         <div class=\"title_sections left\">\r\n            <div class=\"before_title\">\r\n         Denetim      <\/div>\r\n                    <div class=\"title\">  Yasal Mevzuat \/ Ulusal \/ Uluslararas\u0131 Standart Kapsam\u0131 Denetim Hizmeti<\/div>\r\n                  <p>  Kurulu\u015flar yeni bir standarda veya mevzuata uyum i\u00e7in sistem geli\u015ftirme \u00e7al\u0131\u015fmalar\u0131n\u0131 yaparken, bu kapsamda bir \u00e7ok faaliyet ger\u00e7ekle\u015ftirirler. Fakat bu faaliyetleri eksiksiz ve do\u011fru olarak yapt\u0131klar\u0131ndan emin olamazlar.\nBu hizmetin i\u00e7eri\u011fi, Kurulu\u015fun uymas\u0131 gereken ilgili Yasal Mevzuat\/Ulusal\/Uluslararas\u0131 Standart Kapsam\u0131nda y\u00f6netim sistemlerinin\/uyum \u00e7al\u0131\u015fmalar\u0131n\u0131n mevcut durumunun hangi \u015fartlar\u0131 ne d\u00fczeyde kar\u015f\u0131lad\u0131\u011f\u0131n\u0131 tespit etmek ve eksiklerini gidermektir.\nOdin Dan\u0131\u015fmanl\u0131k olarak, kurulu\u015funuzun mevcut durumu, ilgilendi\u011finiz standart\/mevzuat \u015fartlar\u0131 do\u011frultusunda detayl\u0131ca incelenmekte  ve taraf\u0131n\u0131za raporlanmaktad\u0131r. \nG\u00f6zden ka\u00e7an eksikliklerin veya yanl\u0131\u015f yorumlanan \u015fartlar varsa bunlar\u0131n tespiti ve  eksik noktalar\u0131n tamamlanarak sistemin uygun hale getirilebilmesi i\u00e7in kurulu\u015flara b\u00fcy\u00fck fayda sa\u011flayan bir hizmettir.<\/p>\r\n         <\/div>\r\n               \r\n<\/div>\r\n\t\t<\/div>\n\t\t\t\t<\/div>\n\t\t\t\t<section class=\"elementor-section elementor-inner-section elementor-element elementor-element-5625f5b3 elementor-section-boxed elementor-section-height-default elementor-section-height-default\" data-id=\"5625f5b3\" data-element_type=\"section\">\n\t\t\t\t\t\t<div class=\"elementor-container elementor-column-gap-no\">\n\t\t\t\t\t<div class=\"elementor-column elementor-col-50 elementor-inner-column elementor-element elementor-element-4e04dc3e\" data-id=\"4e04dc3e\" data-element_type=\"column\">\n\t\t\t<div class=\"elementor-widget-wrap\">\n\t\t\t\t\t\t\t\t\t<\/div>\n\t\t<\/div>\n\t\t\t\t<div class=\"elementor-column elementor-col-50 elementor-inner-column elementor-element elementor-element-53b881f0\" data-id=\"53b881f0\" data-element_type=\"column\">\n\t\t\t<div class=\"elementor-widget-wrap\">\n\t\t\t\t\t\t\t\t\t<\/div>\n\t\t<\/div>\n\t\t\t\t\t\t\t<\/div>\n\t\t<\/section>\n\t\t\t\t<div class=\"elementor-element elementor-element-268f9c44 elementor-widget elementor-widget-text-editor\" data-id=\"268f9c44\" data-element_type=\"widget\" data-widget_type=\"text-editor.default\">\n\t\t\t\t<div class=\"elementor-widget-container\">\n\t\t\t<style>\/*! elementor - v3.8.1 - 13-11-2022 *\/\n.elementor-widget-text-editor.elementor-drop-cap-view-stacked .elementor-drop-cap{background-color:#818a91;color:#fff}.elementor-widget-text-editor.elementor-drop-cap-view-framed .elementor-drop-cap{color:#818a91;border:3px solid;background-color:transparent}.elementor-widget-text-editor:not(.elementor-drop-cap-view-default) .elementor-drop-cap{margin-top:8px}.elementor-widget-text-editor:not(.elementor-drop-cap-view-default) .elementor-drop-cap-letter{width:1em;height:1em}.elementor-widget-text-editor .elementor-drop-cap{float:left;text-align:center;line-height:1;font-size:50px}.elementor-widget-text-editor .elementor-drop-cap-letter{display:inline-block}<\/style>\t\t\t\t<h3>Denetim sonras\u0131ndaki faaliyetler nelerdir ?<\/h3>\t\t\t\t\t\t<\/div>\n\t\t\t\t<\/div>\n\t\t\t\t<div class=\"elementor-element elementor-element-2e17b88e elementor-widget elementor-widget-creote-faqs-v1\" data-id=\"2e17b88e\" data-element_type=\"widget\" data-widget_type=\"creote-faqs-v1.default\">\n\t\t\t\t<div class=\"elementor-widget-container\">\n\t\t\t \r\n<section class=\"faq_section type_two\">\r\n   <div class=\"block_faq\">\r\n      <div class=\"accordion\">\r\n         <dl>\r\n                                    <dt class=\"faq_header \"    data-aos=\"fade-up\" data-aos-delay=\"100\"  data-aos-offset=\"0\" >\r\n               Denetim tamamland\u0131\u011f\u0131nda...<span class=\"icon-play\"><\/span>\r\n            <\/dt>\r\n            <dd class=\"accordion-content\"     data-aos=\"fade-up\" data-aos-delay=\"100\"  data-aos-offset=\"0\" >\r\n               <p>\r\n                  \u0130lgili Bakanl\u0131k denetimi sonras\u0131 olas\u0131 uygunsuzluklar\u0131n (varsa) kapat\u0131lmas\u0131 i\u00e7in laboratuvar personeline destek olunmas\u0131\/d\u00fczeltici faaliyet s\u00fcrecinin takibi. (Var ise)                <\/p>\r\n            <\/dd>\r\n                        <dt class=\"faq_header \"    data-aos=\"fade-up\" data-aos-delay=\"200\"  data-aos-offset=\"0\" >\r\n               Validasyon tarihi yakla\u015f\u0131nca...<span class=\"icon-play\"><\/span>\r\n            <\/dt>\r\n            <dd class=\"accordion-content\"     data-aos=\"fade-up\" data-aos-delay=\"200\"  data-aos-offset=\"0\" >\r\n               <p>\r\n                  Validasyon tarihlerlerinize ve i\u015f y\u00fck\u00fcn\u00fcze g\u00f6re e\u011fitimin gerekli ad\u0131mlar\u0131n\u0131n tekrarlanmas\u0131, hat\u0131rlatma e\u011fitimleri, faaliyetlerin kapsam geni\u015fletme s\u00fcre\u00e7leri yine taraf\u0131m\u0131zdan planlanmaktad\u0131r.               <\/p>\r\n            <\/dd>\r\n                                 <\/dl>\r\n      <\/div>\r\n   <\/div>\r\n<\/section>\r\n\t\t<\/div>\n\t\t\t\t<\/div>\n\t\t\t\t\t<\/div>\n\t\t<\/div>\n\t\t\t\t\t\t\t<\/div>\n\t\t<\/section>\n\t\t\t\t\t\t\t<\/div>\n\t\t","protected":false},"excerpt":{"rendered":"<p>Denetim Yasal Mevzuat \/ Ulusal \/ Uluslararas\u0131 Standart Kapsam\u0131 Denetim Hizmeti Kurulu\u015flar yeni bir standarda veya mevzuata uyum i\u00e7in sistem geli\u015ftirme \u00e7al\u0131\u015fmalar\u0131n\u0131 yaparken, bu kapsamda bir \u00e7ok faaliyet ger\u00e7ekle\u015ftirirler. Fakat bu faaliyetleri eksiksiz ve do\u011fru olarak yapt\u0131klar\u0131ndan emin olamazlar. Bu hizmetin i\u00e7eri\u011fi, Kurulu\u015fun uymas\u0131 gereken ilgili Yasal Mevzuat\/Ulusal\/Uluslararas\u0131 Standart Kapsam\u0131nda y\u00f6netim sistemlerinin\/uyum \u00e7al\u0131\u015fmalar\u0131n\u0131n mevcut durumunun [&hellip;]<\/p>\n","protected":false},"author":1,"featured_media":0,"parent":0,"menu_order":0,"comment_status":"closed","ping_status":"closed","template":"","meta":{"footnotes":""},"class_list":["post-6619","page","type-page","status-publish","hentry"],"_links":{"self":[{"href":"https:\/\/www.odindanismanlik.com\/tr\/wp-json\/wp\/v2\/pages\/6619","targetHints":{"allow":["GET"]}}],"collection":[{"href":"https:\/\/www.odindanismanlik.com\/tr\/wp-json\/wp\/v2\/pages"}],"about":[{"href":"https:\/\/www.odindanismanlik.com\/tr\/wp-json\/wp\/v2\/types\/page"}],"author":[{"embeddable":true,"href":"https:\/\/www.odindanismanlik.com\/tr\/wp-json\/wp\/v2\/users\/1"}],"replies":[{"embeddable":true,"href":"https:\/\/www.odindanismanlik.com\/tr\/wp-json\/wp\/v2\/comments?post=6619"}],"version-history":[{"count":5,"href":"https:\/\/www.odindanismanlik.com\/tr\/wp-json\/wp\/v2\/pages\/6619\/revisions"}],"predecessor-version":[{"id":6624,"href":"https:\/\/www.odindanismanlik.com\/tr\/wp-json\/wp\/v2\/pages\/6619\/revisions\/6624"}],"wp:attachment":[{"href":"https:\/\/www.odindanismanlik.com\/tr\/wp-json\/wp\/v2\/media?parent=6619"}],"curies":[{"name":"wp","href":"https:\/\/api.w.org\/{rel}","templated":true}]}}